{"id":8260,"date":"2024-05-10T13:03:23","date_gmt":"2024-05-10T11:03:23","guid":{"rendered":"https:\/\/ib-miebach.de\/en\/?page_id=8260"},"modified":"2024-07-29T15:29:16","modified_gmt":"2024-07-29T13:29:16","slug":"imprint","status":"publish","type":"page","link":"https:\/\/ib-miebach.de\/en\/imprint\/","title":{"rendered":"Imprint"},"content":{"rendered":"\t\t<div data-elementor-type=\"wp-post\" data-elementor-id=\"8260\" class=\"elementor elementor-8260\">\n\t\t\t\t\t\t<section class=\"elementor-section elementor-top-section elementor-element elementor-element-7cdaa25 elementor-section-boxed elementor-section-height-default elementor-section-height-default\" data-id=\"7cdaa25\" data-element_type=\"section\" data-settings=\"{&quot;jet_parallax_layout_list&quot;:[{&quot;jet_parallax_layout_image&quot;:{&quot;url&quot;:&quot;&quot;,&quot;id&quot;:&quot;&quot;,&quot;size&quot;:&quot;&quot;},&quot;_id&quot;:&quot;2175dba&quot;,&quot;jet_parallax_layout_image_tablet&quot;:{&quot;url&quot;:&quot;&quot;,&quot;id&quot;:&quot;&quot;,&quot;size&quot;:&quot;&quot;},&quot;jet_parallax_layout_image_mobile&quot;:{&quot;url&quot;:&quot;&quot;,&quot;id&quot;:&quot;&quot;,&quot;size&quot;:&quot;&quot;},&quot;jet_parallax_layout_speed&quot;:{&quot;unit&quot;:&quot;%&quot;,&quot;size&quot;:50,&quot;sizes&quot;:[]},&quot;jet_parallax_layout_type&quot;:&quot;scroll&quot;,&quot;jet_parallax_layout_direction&quot;:null,&quot;jet_parallax_layout_fx_direction&quot;:null,&quot;jet_parallax_layout_z_index&quot;:&quot;&quot;,&quot;jet_parallax_layout_bg_x&quot;:50,&quot;jet_parallax_layout_bg_x_tablet&quot;:&quot;&quot;,&quot;jet_parallax_layout_bg_x_mobile&quot;:&quot;&quot;,&quot;jet_parallax_layout_bg_y&quot;:50,&quot;jet_parallax_layout_bg_y_tablet&quot;:&quot;&quot;,&quot;jet_parallax_layout_bg_y_mobile&quot;:&quot;&quot;,&quot;jet_parallax_layout_bg_size&quot;:&quot;auto&quot;,&quot;jet_parallax_layout_bg_size_tablet&quot;:&quot;&quot;,&quot;jet_parallax_layout_bg_size_mobile&quot;:&quot;&quot;,&quot;jet_parallax_layout_animation_prop&quot;:&quot;transform&quot;,&quot;jet_parallax_layout_on&quot;:[&quot;desktop&quot;,&quot;tablet&quot;]}]}\">\n\t\t\t\t\t\t<div class=\"elementor-container elementor-column-gap-default\">\n\t\t\t\t\t<div class=\"elementor-column elementor-col-100 elementor-top-column elementor-element elementor-element-12c8e1c\" data-id=\"12c8e1c\" data-element_type=\"column\">\n\t\t\t<div class=\"elementor-widget-wrap elementor-element-populated\">\n\t\t\t\t\t\t<div class=\"elementor-element elementor-element-11c46a3 elementor-widget elementor-widget-text-editor\" data-id=\"11c46a3\" data-element_type=\"widget\" data-widget_type=\"text-editor.default\">\n\t\t\t\t<div class=\"elementor-widget-container\">\n\t\t\t<style>\/*! elementor - v3.23.0 - 05-08-2024 *\/\n.elementor-widget-text-editor.elementor-drop-cap-view-stacked .elementor-drop-cap{background-color:#69727d;color:#fff}.elementor-widget-text-editor.elementor-drop-cap-view-framed .elementor-drop-cap{color:#69727d;border:3px solid;background-color:transparent}.elementor-widget-text-editor:not(.elementor-drop-cap-view-default) .elementor-drop-cap{margin-top:8px}.elementor-widget-text-editor:not(.elementor-drop-cap-view-default) .elementor-drop-cap-letter{width:1em;height:1em}.elementor-widget-text-editor .elementor-drop-cap{float:left;text-align:center;line-height:1;font-size:50px}.elementor-widget-text-editor .elementor-drop-cap-letter{display:inline-block}<\/style>\t\t\t\t<h1>Site Notice<\/h1><p>Dipl.-Ing. (FH) Frank Miebach<br \/><strong>IB-MIEBACH<\/strong><br \/>Ingenieurb\u00fcro f\u00fcr Holzbau und Holzbr\u00fcckenbau<br \/>Haus S\u00fclz 7<br \/>53797 Lohmar<\/p><h3>Contact<\/h3><p>Phone: +49 (0) 2205 &#8211; 90 44 80<br \/>E-mail: info@ib-miebach.de<\/p><h3>VAT ID<\/h3><p>Sales tax identification number according to Sect. 27 a of the Sales Tax Law:<br \/>USt-IDNr.: DE241149518<\/p><h3>Person responsible for editorial<\/h3><p>Dipl.-Ing. (FH) Frank Miebach<\/p><h3>Concept and realization<\/h3><p><strong>DIDIER<\/strong><br \/>Creative agency for strategic communication<br \/><a href=\"http:\/\/www.didier.eu\" target=\"_blank\" rel=\"noopener\">www.didier.eu<\/a><\/p>\t\t\t\t\t\t<\/div>\n\t\t\t\t<\/div>\n\t\t\t\t\t<\/div>\n\t\t<\/div>\n\t\t\t\t\t<\/div>\n\t\t<\/section>\n\t\t\t\t<\/div>\n\t\t","protected":false},"excerpt":{"rendered":"<p>Site Notice Dipl.-Ing. (FH) Frank MiebachIB-MIEBACHIngenieurb\u00fcro f\u00fcr Holzbau und Holzbr\u00fcckenbauHaus S\u00fclz 753797 Lohmar Contact Phone: +49 (0) 2205 &#8211; 90 44 80E-mail: info@ib-miebach.de VAT ID Sales tax identification number according to Sect. 27 a of the Sales Tax Law:USt-IDNr.: DE241149518 Person responsible for editorial Dipl.-Ing. (FH) Frank Miebach Concept and realization DIDIERCreative agency for strategic [&hellip;]<\/p>\n","protected":false},"author":2,"featured_media":0,"parent":0,"menu_order":10,"comment_status":"closed","ping_status":"closed","template":"elementor_header_footer","meta":{"_acf_changed":false,"footnotes":""},"class_list":["post-8260","page","type-page","status-publish","hentry"],"acf":[],"yoast_head":"<!-- This site is optimized with the Yoast SEO plugin v23.3 - https:\/\/yoast.com\/wordpress\/plugins\/seo\/ -->\n<title>Imprint - Miebach engineering office<\/title>\n<meta name=\"description\" content=\"Find out about the possibilities offered by modern timber constructions, allow yourself to be advised, and send us your enquiry.\" \/>\n<meta name=\"robots\" content=\"index, follow, max-snippet:-1, max-image-preview:large, max-video-preview:-1\" \/>\n<link rel=\"canonical\" href=\"https:\/\/ib-miebach.de\/en\/imprint\/\" \/>\n<meta property=\"og:locale\" content=\"en_US\" \/>\n<meta property=\"og:type\" content=\"article\" \/>\n<meta property=\"og:title\" content=\"Imprint - Miebach engineering office\" \/>\n<meta property=\"og:description\" content=\"Find out about the possibilities offered by modern timber constructions, allow yourself to be advised, and send us your enquiry.\" \/>\n<meta property=\"og:url\" content=\"https:\/\/ib-miebach.de\/en\/imprint\/\" \/>\n<meta property=\"og:site_name\" content=\"Miebach engineering office\" \/>\n<meta property=\"article:publisher\" content=\"https:\/\/www.facebook.com\/IB.MIEBACH\/\" \/>\n<meta property=\"article:modified_time\" content=\"2024-07-29T13:29:16+00:00\" \/>\n<meta name=\"twitter:card\" content=\"summary_large_image\" \/>\n<meta name=\"twitter:label1\" content=\"Est. reading time\" \/>\n\t<meta name=\"twitter:data1\" content=\"1 minute\" \/>\n<script type=\"application\/ld+json\" class=\"yoast-schema-graph\">{\"@context\":\"https:\/\/schema.org\",\"@graph\":[{\"@type\":\"WebPage\",\"@id\":\"https:\/\/ib-miebach.de\/en\/imprint\/\",\"url\":\"https:\/\/ib-miebach.de\/en\/imprint\/\",\"name\":\"Imprint - Miebach engineering office\",\"isPartOf\":{\"@id\":\"https:\/\/ib-miebach.de\/en\/#website\"},\"datePublished\":\"2024-05-10T11:03:23+00:00\",\"dateModified\":\"2024-07-29T13:29:16+00:00\",\"description\":\"Find out about the possibilities offered by modern timber constructions, allow yourself to be advised, and send us your enquiry.\",\"breadcrumb\":{\"@id\":\"https:\/\/ib-miebach.de\/en\/imprint\/#breadcrumb\"},\"inLanguage\":\"en-US\",\"potentialAction\":[{\"@type\":\"ReadAction\",\"target\":[\"https:\/\/ib-miebach.de\/en\/imprint\/\"]}]},{\"@type\":\"BreadcrumbList\",\"@id\":\"https:\/\/ib-miebach.de\/en\/imprint\/#breadcrumb\",\"itemListElement\":[{\"@type\":\"ListItem\",\"position\":1,\"name\":\"Home\",\"item\":\"https:\/\/ib-miebach.de\/en\/\"},{\"@type\":\"ListItem\",\"position\":2,\"name\":\"Imprint\"}]},{\"@type\":\"WebSite\",\"@id\":\"https:\/\/ib-miebach.de\/en\/#website\",\"url\":\"https:\/\/ib-miebach.de\/en\/\",\"name\":\"Miebach engineering office\",\"description\":\"timber bridge construction and timber construction\",\"publisher\":{\"@id\":\"https:\/\/ib-miebach.de\/en\/#organization\"},\"potentialAction\":[{\"@type\":\"SearchAction\",\"target\":{\"@type\":\"EntryPoint\",\"urlTemplate\":\"https:\/\/ib-miebach.de\/en\/?s={search_term_string}\"},\"query-input\":\"required name=search_term_string\"}],\"inLanguage\":\"en-US\"},{\"@type\":\"Organization\",\"@id\":\"https:\/\/ib-miebach.de\/en\/#organization\",\"name\":\"Miebach engineering office\",\"url\":\"https:\/\/ib-miebach.de\/en\/\",\"logo\":{\"@type\":\"ImageObject\",\"inLanguage\":\"en-US\",\"@id\":\"https:\/\/ib-miebach.de\/en\/#\/schema\/logo\/image\/\",\"url\":\"https:\/\/ib-miebach.de\/en\/wp-content\/uploads\/sites\/2\/2024\/05\/logo-datenschutz.png\",\"contentUrl\":\"https:\/\/ib-miebach.de\/en\/wp-content\/uploads\/sites\/2\/2024\/05\/logo-datenschutz.png\",\"width\":209,\"height\":209,\"caption\":\"Miebach engineering office\"},\"image\":{\"@id\":\"https:\/\/ib-miebach.de\/en\/#\/schema\/logo\/image\/\"},\"sameAs\":[\"https:\/\/www.facebook.com\/IB.MIEBACH\/\"]}]}<\/script>\n<!-- \/ Yoast SEO plugin. -->","yoast_head_json":{"title":"Imprint - Miebach engineering office","description":"Find out about the possibilities offered by modern timber constructions, allow yourself to be advised, and send us your enquiry.","robots":{"index":"index","follow":"follow","max-snippet":"max-snippet:-1","max-image-preview":"max-image-preview:large","max-video-preview":"max-video-preview:-1"},"canonical":"https:\/\/ib-miebach.de\/en\/imprint\/","og_locale":"en_US","og_type":"article","og_title":"Imprint - Miebach engineering office","og_description":"Find out about the possibilities offered by modern timber constructions, allow yourself to be advised, and send us your enquiry.","og_url":"https:\/\/ib-miebach.de\/en\/imprint\/","og_site_name":"Miebach engineering office","article_publisher":"https:\/\/www.facebook.com\/IB.MIEBACH\/","article_modified_time":"2024-07-29T13:29:16+00:00","twitter_card":"summary_large_image","twitter_misc":{"Est. reading time":"1 minute"},"schema":{"@context":"https:\/\/schema.org","@graph":[{"@type":"WebPage","@id":"https:\/\/ib-miebach.de\/en\/imprint\/","url":"https:\/\/ib-miebach.de\/en\/imprint\/","name":"Imprint - Miebach engineering office","isPartOf":{"@id":"https:\/\/ib-miebach.de\/en\/#website"},"datePublished":"2024-05-10T11:03:23+00:00","dateModified":"2024-07-29T13:29:16+00:00","description":"Find out about the possibilities offered by modern timber constructions, allow yourself to be advised, and send us your enquiry.","breadcrumb":{"@id":"https:\/\/ib-miebach.de\/en\/imprint\/#breadcrumb"},"inLanguage":"en-US","potentialAction":[{"@type":"ReadAction","target":["https:\/\/ib-miebach.de\/en\/imprint\/"]}]},{"@type":"BreadcrumbList","@id":"https:\/\/ib-miebach.de\/en\/imprint\/#breadcrumb","itemListElement":[{"@type":"ListItem","position":1,"name":"Home","item":"https:\/\/ib-miebach.de\/en\/"},{"@type":"ListItem","position":2,"name":"Imprint"}]},{"@type":"WebSite","@id":"https:\/\/ib-miebach.de\/en\/#website","url":"https:\/\/ib-miebach.de\/en\/","name":"Miebach engineering office","description":"timber bridge construction and timber construction","publisher":{"@id":"https:\/\/ib-miebach.de\/en\/#organization"},"potentialAction":[{"@type":"SearchAction","target":{"@type":"EntryPoint","urlTemplate":"https:\/\/ib-miebach.de\/en\/?s={search_term_string}"},"query-input":"required name=search_term_string"}],"inLanguage":"en-US"},{"@type":"Organization","@id":"https:\/\/ib-miebach.de\/en\/#organization","name":"Miebach engineering office","url":"https:\/\/ib-miebach.de\/en\/","logo":{"@type":"ImageObject","inLanguage":"en-US","@id":"https:\/\/ib-miebach.de\/en\/#\/schema\/logo\/image\/","url":"https:\/\/ib-miebach.de\/en\/wp-content\/uploads\/sites\/2\/2024\/05\/logo-datenschutz.png","contentUrl":"https:\/\/ib-miebach.de\/en\/wp-content\/uploads\/sites\/2\/2024\/05\/logo-datenschutz.png","width":209,"height":209,"caption":"Miebach engineering office"},"image":{"@id":"https:\/\/ib-miebach.de\/en\/#\/schema\/logo\/image\/"},"sameAs":["https:\/\/www.facebook.com\/IB.MIEBACH\/"]}]}},"_links":{"self":[{"href":"https:\/\/ib-miebach.de\/en\/wp-json\/wp\/v2\/pages\/8260"}],"collection":[{"href":"https:\/\/ib-miebach.de\/en\/wp-json\/wp\/v2\/pages"}],"about":[{"href":"https:\/\/ib-miebach.de\/en\/wp-json\/wp\/v2\/types\/page"}],"author":[{"embeddable":true,"href":"https:\/\/ib-miebach.de\/en\/wp-json\/wp\/v2\/users\/2"}],"replies":[{"embeddable":true,"href":"https:\/\/ib-miebach.de\/en\/wp-json\/wp\/v2\/comments?post=8260"}],"version-history":[{"count":3,"href":"https:\/\/ib-miebach.de\/en\/wp-json\/wp\/v2\/pages\/8260\/revisions"}],"predecessor-version":[{"id":8785,"href":"https:\/\/ib-miebach.de\/en\/wp-json\/wp\/v2\/pages\/8260\/revisions\/8785"}],"wp:attachment":[{"href":"https:\/\/ib-miebach.de\/en\/wp-json\/wp\/v2\/media?parent=8260"}],"curies":[{"name":"wp","href":"https:\/\/api.w.org\/{rel}","templated":true}]}}